{"id":432,"date":"2021-02-22T13:45:37","date_gmt":"2021-02-22T12:45:37","guid":{"rendered":"https:\/\/www.idh-koeln.de\/?page_id=432"},"modified":"2021-03-05T12:59:33","modified_gmt":"2021-03-05T11:59:33","slug":"partner","status":"publish","type":"page","link":"https:\/\/www.idh-koeln.de\/index.php\/partner\/","title":{"rendered":"Partner"},"content":{"rendered":"<p>[et_pb_section fb_built=&#8220;1&#8243; fullwidth=&#8220;on&#8220; _builder_version=&#8220;4.7.3&#8243; _module_preset=&#8220;default&#8220; background_enable_image=&#8220;off&#8220;][et_pb_fullwidth_slider show_arrows=&#8220;off&#8220; show_pagination=&#8220;off&#8220; use_bg_overlay=&#8220;off&#8220; use_text_overlay=&#8220;off&#8220; _builder_version=&#8220;4.9.0&#8243; _module_preset=&#8220;default&#8220; background_enable_color=&#8220;off&#8220; background_image=&#8220;https:\/\/www.idh-koeln.de\/wp-content\/uploads\/2021\/02\/man-5557864_1920.jpg&#8220; parallax=&#8220;on&#8220; custom_button=&#8220;on&#8220; button_border_width=&#8220;2px&#8220; button_border_color=&#8220;rgba(0,0,0,0)&#8220; button_border_radius=&#8220;0px&#8220; button_custom_margin=&#8220;||||false|false&#8220; height=&#8220;836px&#8220; height_tablet=&#8220;580px&#8220; height_phone=&#8220;&#8220; height_last_edited=&#8220;on|phone&#8220; custom_margin=&#8220;||2px|||&#8220; custom_padding=&#8220;||65px|||&#8220; custom_padding_tablet=&#8220;&#8220; custom_padding_phone=&#8220;&#8220; custom_padding_last_edited=&#8220;on|desktop&#8220; header_text_shadow_style=&#8220;preset1&#8243;][et_pb_slide heading=&#8220;MIT GUTEN PARTNERN IST ALLES EINFACHER&#8220; button_link=&#8220;https:\/\/idh-koeln.zych-consulting.de\/index.php\/garten-und-landschaftsbau\/&#8220; use_bg_overlay=&#8220;on&#8220; bg_overlay_color=&#8220;rgba(0,0,0,0.28)&#8220; use_text_overlay=&#8220;on&#8220; text_overlay_color=&#8220;rgba(245,245,245,0.9)&#8220; arrows_custom_color=&#8220;#ffffff&#8220; dot_nav_custom_color=&#8220;#ffffff&#8220; text_border_radius=&#8220;0px&#8220; _builder_version=&#8220;4.9.0&#8243; _module_preset=&#8220;default&#8220; header_font=&#8220;Roboto Condensed||||||||&#8220; header_text_color=&#8220;#af1e49&#8243; header_letter_spacing=&#8220;3px&#8220; header_line_height=&#8220;2em&#8220; body_font=&#8220;Roboto Condensed|300|||||||&#8220; body_text_color=&#8220;#544b4f&#8220; body_font_size=&#8220;18px&#8220; body_letter_spacing=&#8220;1px&#8220; body_line_height=&#8220;1.8em&#8220; background_enable_color=&#8220;off&#8220; background_image=&#8220;https:\/\/www.idh-koeln.de\/wp-content\/uploads\/2021\/02\/man-5557864_1920.jpg&#8220; background_enable_image=&#8220;on&#8220; background_position=&#8220;top_center&#8220; custom_button=&#8220;on&#8220; button_bg_color=&#8220;#af1e49&#8243; button_border_width=&#8220;0px&#8220; button_border_color=&#8220;#efefef&#8220; button_border_radius=&#8220;0px&#8220; button_font=&#8220;Roboto Condensed||||||||&#8220; button_custom_margin=&#8220;-70px||||false|false&#8220; button_custom_padding=&#8220;|200px||200px|false|false&#8220; width=&#8220;100%&#8220; custom_padding=&#8220;||20px||false|false&#8220; body_text_shadow_style=&#8220;preset4&#8243; body_text_shadow_color=&#8220;#544b4f&#8220; text_shadow_style=&#8220;preset4&#8243; sticky_transition=&#8220;on&#8220;]<\/p>\n<p>MUSTERTEXT<\/p>\n<p>&nbsp;<\/p>\n<p>[\/et_pb_slide][\/et_pb_fullwidth_slider][\/et_pb_section][et_pb_section fb_built=&#8220;1&#8243; _builder_version=&#8220;4.5.1&#8243; _module_preset=&#8220;default&#8220;][et_pb_row _builder_version=&#8220;4.5.7&#8243; _module_preset=&#8220;default&#8220; background_color=&#8220;#efefef&#8220; width=&#8220;100%&#8220; max_width=&#8220;95%&#8220; max_width_tablet=&#8220;&#8220; max_width_phone=&#8220;&#8220; max_width_last_edited=&#8220;on|desktop&#8220; module_alignment=&#8220;center&#8220; custom_padding=&#8220;20px|30px|20px|30px|true|true&#8220;][et_pb_column type=&#8220;4_4&#8243; _builder_version=&#8220;4.5.7&#8243; _module_preset=&#8220;default&#8220;][et_pb_text _builder_version=&#8220;4.9.0&#8243; _module_preset=&#8220;default&#8220; custom_margin=&#8220;||13px|||&#8220;]<\/p>\n<h2>IT Services<\/h2>\n<p>[\/et_pb_text][et_pb_team_member name=&#8220;ZYCH Consulting&#8220; image_url=&#8220;https:\/\/www.idh-koeln.de\/wp-content\/uploads\/2021\/02\/Zych-Logo-2021a.png&#8220; _builder_version=&#8220;4.9.1&#8243; _module_preset=&#8220;default&#8220; hover_enabled=&#8220;0&#8243; sticky_enabled=&#8220;0&#8243;]<\/p>\n<p>iZu viel zu tun, zu wenig Zeit?<br \/>Wenn Du pro Tag 3 bis 4 Stunden mehr Zeit h\u00e4ttest&#8230;<\/p>\n<p>Wie w\u00fcrdest DU diese Zeit nutzen?<br \/>W\u00fcrdest Du Deine Visionen verwirklichen, Ziele erreichen, mehr am Unternehmen anstatt im Unternehmen arbeiten, oder mehr Zeit mit Deiner Familie verbringen?<\/p>\n<p>Automatisierte Prozesse in Unternehmen erleichtern die Arbeit, steigern die Effizienz, bringen mehr Klarheit und helfen enorm bei der Skalierung des Unternehmens.<br \/>Wir schaffen Frei+Zeit!<\/p>\n<p><a href=\"https:\/\/www.zych-consulting.de\" target=\"_blank\" rel=\"noopener\">www.zych-consulitng.de<\/a><\/p>\n<p>[\/et_pb_team_member][\/et_pb_column][\/et_pb_row][\/et_pb_section][et_pb_section fb_built=&#8220;1&#8243; _builder_version=&#8220;4.5.1&#8243; _module_preset=&#8220;default&#8220;][et_pb_row _builder_version=&#8220;4.5.7&#8243; _module_preset=&#8220;default&#8220; background_color=&#8220;#efefef&#8220; width=&#8220;100%&#8220; max_width=&#8220;95%&#8220; max_width_tablet=&#8220;&#8220; max_width_phone=&#8220;&#8220; max_width_last_edited=&#8220;on|desktop&#8220; module_alignment=&#8220;center&#8220; custom_padding=&#8220;20px|30px|20px|30px|true|true&#8220; hover_enabled=&#8220;0&#8243; sticky_enabled=&#8220;0&#8243;][et_pb_column type=&#8220;4_4&#8243; _builder_version=&#8220;4.5.7&#8243; _module_preset=&#8220;default&#8220;][et_pb_text _builder_version=&#8220;4.9.0&#8243; _module_preset=&#8220;default&#8220; custom_margin=&#8220;||13px|||&#8220;]<\/p>\n<h2>Immobilien | Bauleistung | Finanzierung<\/h2>\n<p>&nbsp;<\/p>\n<p>[\/et_pb_text][et_pb_team_member name=&#8220;IBF-Rheinland GmbH&#8220; image_url=&#8220;https:\/\/www.idh-koeln.de\/wp-content\/uploads\/2021\/03\/Logo-IBF_2020NEU.png&#8220; _builder_version=&#8220;4.9.1&#8243; _module_preset=&#8220;default&#8220; hover_enabled=&#8220;0&#8243; title_text=&#8220;Logo IBF_2020NEU&#8220; sticky_enabled=&#8220;0&#8243;]<\/p>\n<p>Ihr Immobilienpartner mit Service-Garantie!<br \/>Profitieren Sie von einer umfangreichen und breit aufgestellten Immobilien-Expertise.<br \/>Tagt\u00e4glich entwickeln und realisieren wir, mit einem hohen Ma\u00df an Qualit\u00e4t, Flexibilit\u00e4t und Individualit\u00e4t, anspruchsvolle Projekte.<br \/>Ob technische, kaufm\u00e4nnische oder strategische Aufgaben \u2013 wir sind gerne f\u00fcr Sie da.<\/p>\n<p><a href=\"http:\/\/www.ibf-immobilien.com\" target=\"_blank\" rel=\"noopener\">www.ibf-immobilien.com<\/a><\/p>\n<p>[\/et_pb_team_member][\/et_pb_column][\/et_pb_row][\/et_pb_section]<\/p>\n","protected":false},"excerpt":{"rendered":"<p>MUSTERTEXT &nbsp;IT ServicesiZu viel zu tun, zu wenig Zeit?Wenn Du pro Tag 3 bis 4 Stunden mehr Zeit h\u00e4ttest&#8230; Wie w\u00fcrdest DU diese Zeit nutzen?W\u00fcrdest Du Deine Visionen verwirklichen, Ziele erreichen, mehr am Unternehmen anstatt im Unternehmen arbeiten, oder mehr Zeit mit Deiner Familie verbringen? Automatisierte Prozesse in Unternehmen erleichtern die Arbeit, steigern die Effizienz, [&hellip;]<\/p>\n","protected":false},"author":1,"featured_media":0,"parent":0,"menu_order":0,"comment_status":"closed","ping_status":"closed","template":"","meta":{"_et_pb_use_builder":"on","_et_pb_old_content":"","_et_gb_content_width":""},"_links":{"self":[{"href":"https:\/\/www.idh-koeln.de\/index.php\/wp-json\/wp\/v2\/pages\/432"}],"collection":[{"href":"https:\/\/www.idh-koeln.de\/index.php\/wp-json\/wp\/v2\/pages"}],"about":[{"href":"https:\/\/www.idh-koeln.de\/index.php\/wp-json\/wp\/v2\/types\/page"}],"author":[{"embeddable":true,"href":"https:\/\/www.idh-koeln.de\/index.php\/wp-json\/wp\/v2\/users\/1"}],"replies":[{"embeddable":true,"href":"https:\/\/www.idh-koeln.de\/index.php\/wp-json\/wp\/v2\/comments?post=432"}],"version-history":[{"count":14,"href":"https:\/\/www.idh-koeln.de\/index.php\/wp-json\/wp\/v2\/pages\/432\/revisions"}],"predecessor-version":[{"id":465,"href":"https:\/\/www.idh-koeln.de\/index.php\/wp-json\/wp\/v2\/pages\/432\/revisions\/465"}],"wp:attachment":[{"href":"https:\/\/www.idh-koeln.de\/index.php\/wp-json\/wp\/v2\/media?parent=432"}],"curies":[{"name":"wp","href":"https:\/\/api.w.org\/{rel}","templated":true}]}}