{"id":127,"date":"2020-07-20T14:31:59","date_gmt":"2020-07-20T14:31:59","guid":{"rendered":"https:\/\/idh-koeln.de\/?page_id=127"},"modified":"2023-12-06T08:09:55","modified_gmt":"2023-12-06T07:09:55","slug":"spezialreinigung-2","status":"publish","type":"page","link":"https:\/\/www.idh-koeln.de\/index.php\/spezialreinigung-2\/","title":{"rendered":"Spezialreinigung"},"content":{"rendered":"<p>[et_pb_section fb_built=&#8220;1&#8243; _builder_version=&#8220;4.16&#8243; _module_preset=&#8220;default&#8220; background_color=&#8220;rgba(0,0,0,0.31)&#8220; background_image=&#8220;https:\/\/www.idh-koeln.de\/wp-content\/uploads\/2020\/07\/idh_innovative_dienstleistungen_habers_spezialreinigung_2.jpg&#8220; background_blend=&#8220;darken&#8220; custom_margin=&#8220;||||false|false&#8220; custom_padding=&#8220;56px||67px||false|false&#8220; global_colors_info=&#8220;{}&#8220;][et_pb_row custom_padding_last_edited=&#8220;on|phone&#8220; _builder_version=&#8220;4.20.2&#8243; _module_preset=&#8220;default&#8220; width_tablet=&#8220;&#8220; width_phone=&#8220;100%&#8220; width_last_edited=&#8220;on|phone&#8220; custom_padding=&#8220;|70px||70px|false|false&#8220; custom_padding_tablet=&#8220;|70px||70px|false|false&#8220; custom_padding_phone=&#8220;|22px||22px|false|true&#8220; global_colors_info=&#8220;{}&#8220;][et_pb_column type=&#8220;4_4&#8243; _builder_version=&#8220;4.16&#8243; _module_preset=&#8220;default&#8220; global_colors_info=&#8220;{}&#8220;][et_pb_text _builder_version=&#8220;4.20.2&#8243; _module_preset=&#8220;default&#8220; text_font=&#8220;Arial||||||||&#8220; text_text_color=&#8220;#ffffff&#8220; header_font=&#8220;Roboto Condensed|700|||||||&#8220; header_text_color=&#8220;#ffffff&#8220; header_letter_spacing=&#8220;5px&#8220; custom_margin=&#8220;||||false|false&#8220; custom_padding=&#8220;60px||60px||false|false&#8220; header_font_size_tablet=&#8220;&#8220; header_font_size_phone=&#8220;29px&#8220; header_font_size_last_edited=&#8220;on|phone&#8220; header_letter_spacing_tablet=&#8220;5px&#8220; header_letter_spacing_phone=&#8220;0px&#8220; header_letter_spacing_last_edited=&#8220;on|desktop&#8220; border_width_all=&#8220;1px&#8220; border_color_all=&#8220;#ffffff&#8220; global_colors_info=&#8220;{}&#8220;]<\/p>\n<div class=\"slidertext_v2\">\n<h1 class=\"h1_white\" style=\"text-align: center;\">SPEZIALREINIGUNG<\/h1>\n<\/div>\n<p>[\/et_pb_text][\/et_pb_column][\/et_pb_row][\/et_pb_section][et_pb_section fb_built=&#8220;1&#8243; _builder_version=&#8220;4.16&#8243; _module_preset=&#8220;default&#8220; global_colors_info=&#8220;{}&#8220; custom_margin=&#8220;||-239px|||&#8220;][et_pb_row _builder_version=&#8220;4.20.2&#8243; _module_preset=&#8220;default&#8220; background_color=&#8220;#f5f5f5&#8243; width_tablet=&#8220;&#8220; width_phone=&#8220;100%&#8220; width_last_edited=&#8220;on|phone&#8220; max_width=&#8220;1280px&#8220; custom_padding=&#8220;||19px|||&#8220; global_colors_info=&#8220;{}&#8220;][et_pb_column type=&#8220;4_4&#8243; _builder_version=&#8220;4.16&#8243; _module_preset=&#8220;default&#8220; global_colors_info=&#8220;{}&#8220;][et_pb_text _builder_version=&#8220;4.20.2&#8243; _module_preset=&#8220;default&#8220; text_font=&#8220;Arial||||||||&#8220; header_font=&#8220;Roboto Condensed||||||||&#8220; header_text_color=&#8220;#af1e49&#8243; background_color=&#8220;rgba(0,0,0,0)&#8220; custom_margin=&#8220;27px|||||&#8220; global_colors_info=&#8220;{}&#8220;]<\/p>\n<div class=\"center\">\n<div class=\"center\">\n<div class=\"center\">\n<div class=\"center\">\n<div class=\"center\">\n<h1 style=\"text-align: center;\">Die Zufriedenheit z\u00e4hlt<\/h1>\n<\/div>\n<\/div>\n<\/div>\n<\/div>\n<\/div>\n<p>[\/et_pb_text][\/et_pb_column][\/et_pb_row][et_pb_row column_structure=&#8220;1_2,1_2&#8243; make_equal=&#8220;on&#8220; custom_padding_last_edited=&#8220;on|phone&#8220; _builder_version=&#8220;4.20.2&#8243; _module_preset=&#8220;default&#8220; background_color=&#8220;#f5f5f5&#8243; width_tablet=&#8220;&#8220; width_phone=&#8220;100%&#8220; width_last_edited=&#8220;on|phone&#8220; max_width=&#8220;1280px&#8220; custom_padding=&#8220;20px|55px|70px|55px|false|false&#8220; custom_padding_tablet=&#8220;20px|55px|70px|55px|false|false&#8220; custom_padding_phone=&#8220;20px|29px|70px|29px|false|true&#8220; global_colors_info=&#8220;{}&#8220;][et_pb_column type=&#8220;1_2&#8243; _builder_version=&#8220;4.16&#8243; _module_preset=&#8220;default&#8220; global_colors_info=&#8220;{}&#8220;][et_pb_text _builder_version=&#8220;4.20.2&#8243; _module_preset=&#8220;default&#8220; text_font=&#8220;Arial||||||||&#8220; background_color=&#8220;#ffffff&#8220; custom_margin=&#8220;|-25px|||false|false&#8220; custom_margin_tablet=&#8220;|0px|||false|false&#8220; custom_margin_phone=&#8220;&#8220; custom_margin_last_edited=&#8220;on|tablet&#8220; custom_padding=&#8220;30px|30px|101px|30px|false|false&#8220; custom_padding_tablet=&#8220;30px|30px|101px|30px|false|false&#8220; custom_padding_phone=&#8220;||44px||false|false&#8220; custom_padding_last_edited=&#8220;on|phone&#8220; border_color_all=&#8220;#ffffff&#8220; global_colors_info=&#8220;{}&#8220;]<\/p>\n<div class=\"w-col w-col-6 w-col-stack\">\n<div class=\"textbox_einleitung_start\">\n<div class=\"w-col w-col-6 w-col-stack\">\n<div class=\"textbox_einleitung_wir _408\">\n<div class=\"w-col w-col-6 w-col-stack\">\n<div class=\"textbox_einleitung_umwelt _310\">\n<div class=\"w-col w-col-6 w-col-stack\">\n<div class=\"textbox_einleitung_tiefbau _212\">\n<p>F\u00f6rderung und Sicherung von Hygiene und Gesundheit ist uns sehr wichtig. Durch Fachkenntnisse und au\u00dferordentliche Vertrautheit mit der Spezialreinigung agieren wir als Experten in diesem Gebiet.<\/p>\n<p>Wir k\u00fcmmern uns gerne um die Reinigung Ihrer Industrieanlagen und \u2013maschinen und Ihres Unternehmens.<\/p>\n<\/div>\n<\/div>\n<\/div>\n<\/div>\n<\/div>\n<\/div>\n<\/div>\n<\/div>\n<p>[\/et_pb_text][\/et_pb_column][et_pb_column type=&#8220;1_2&#8243; _builder_version=&#8220;4.16&#8243; _module_preset=&#8220;default&#8220; global_colors_info=&#8220;{}&#8220;][et_pb_text _builder_version=&#8220;4.20.2&#8243; _module_preset=&#8220;default&#8220; text_font=&#8220;Arial||||||||&#8220; background_color=&#8220;#ffffff&#8220; custom_margin=&#8220;|||-20px|false|false&#8220; custom_margin_tablet=&#8220;|||0px|false|false&#8220; custom_margin_phone=&#8220;&#8220; custom_margin_last_edited=&#8220;on|tablet&#8220; custom_padding=&#8220;30px|30px|53px|40px|false|false&#8220; border_color_all=&#8220;#ffffff&#8220; global_colors_info=&#8220;{}&#8220;]<\/p>\n<div class=\"w-col w-col-6 w-col-stack\">\n<div class=\"textbox_einleitung_start\">\n<div class=\"w-col w-col-6 w-col-stack\">\n<div class=\"textbox_einleitung_start\">\n<div class=\"w-col w-col-6 w-col-stack\">\n<div class=\"textbox_einleitung_wir _408\">\n<div class=\"w-col w-col-6 w-col-stack\">\n<div class=\"textbox_einleitung_umwelt _310\">\n<div class=\"w-col w-col-6 w-col-stack\">\n<div class=\"textbox_einleitung_tiefbau _212\">\n<div class=\"w-col w-col-6 w-col-stack\">\n<div class=\"textblock_einleitung_service _222\">\n<p>Zu unserem vielf\u00e4ltigen Angebot geh\u00f6rt zudem die B\u00fcroreinigung, Fassadenreinigung, Glasreinigung sowie die Reinigung von Sanit\u00e4ranlagen.<\/p>\n<p>Sprechen Sie uns an, wenn Sie beste Reinigungsergebnisse erzielen m\u00f6chten. Gemeinsam finden wir f\u00fcr jede Anwendung das passende Verfahren und erf\u00fcllen alle Bed\u00fcrfnisse mit der n\u00f6tigen Fachkompetenz und einem hohen Ma\u00df an Servicedenken.<\/p>\n<\/div>\n<\/div>\n<\/div>\n<\/div>\n<\/div>\n<\/div>\n<\/div>\n<\/div>\n<\/div>\n<\/div>\n<\/div>\n<\/div>\n<p>[\/et_pb_text][\/et_pb_column][\/et_pb_row][\/et_pb_section]<\/p>\n","protected":false},"excerpt":{"rendered":"<p>SPEZIALREINIGUNG Die Zufriedenheit z\u00e4hlt F\u00f6rderung und Sicherung von Hygiene und Gesundheit ist uns sehr wichtig. Durch Fachkenntnisse und au\u00dferordentliche Vertrautheit mit der Spezialreinigung agieren wir als Experten in diesem Gebiet. Wir k\u00fcmmern uns gerne um die Reinigung Ihrer Industrieanlagen und \u2013maschinen und Ihres Unternehmens. Zu unserem vielf\u00e4ltigen Angebot geh\u00f6rt zudem die B\u00fcroreinigung, Fassadenreinigung, Glasreinigung sowie [&hellip;]<\/p>\n","protected":false},"author":1,"featured_media":0,"parent":0,"menu_order":0,"comment_status":"closed","ping_status":"closed","template":"","meta":{"_et_pb_use_builder":"on","_et_pb_old_content":"","_et_gb_content_width":""},"_links":{"self":[{"href":"https:\/\/www.idh-koeln.de\/index.php\/wp-json\/wp\/v2\/pages\/127"}],"collection":[{"href":"https:\/\/www.idh-koeln.de\/index.php\/wp-json\/wp\/v2\/pages"}],"about":[{"href":"https:\/\/www.idh-koeln.de\/index.php\/wp-json\/wp\/v2\/types\/page"}],"author":[{"embeddable":true,"href":"https:\/\/www.idh-koeln.de\/index.php\/wp-json\/wp\/v2\/users\/1"}],"replies":[{"embeddable":true,"href":"https:\/\/www.idh-koeln.de\/index.php\/wp-json\/wp\/v2\/comments?post=127"}],"version-history":[{"count":11,"href":"https:\/\/www.idh-koeln.de\/index.php\/wp-json\/wp\/v2\/pages\/127\/revisions"}],"predecessor-version":[{"id":1493,"href":"https:\/\/www.idh-koeln.de\/index.php\/wp-json\/wp\/v2\/pages\/127\/revisions\/1493"}],"wp:attachment":[{"href":"https:\/\/www.idh-koeln.de\/index.php\/wp-json\/wp\/v2\/media?parent=127"}],"curies":[{"name":"wp","href":"https:\/\/api.w.org\/{rel}","templated":true}]}}